{"id":2508,"date":"2024-11-08T12:26:03","date_gmt":"2024-11-08T12:26:03","guid":{"rendered":"https:\/\/zlatesperky-rb.cz\/?post_type=product&#038;p=2508"},"modified":"2026-03-15T12:12:59","modified_gmt":"2026-03-15T12:12:59","slug":"naramek-z-bileho-zlata-s-perlou","status":"publish","type":"product","link":"https:\/\/zlatesperky-rb.cz\/?product=naramek-z-bileho-zlata-s-perlou","title":{"rendered":"N\u00e1ramek z b\u00edl\u00e9ho zlata s perlou"},"content":{"rendered":"<p>\u25cfN\u00e1ramek\u00a0 z b\u00edl\u00e9ho zlata 14kr\/ 7,8g<\/p>\n<p>\u25cfVelikost\u00a0 n\u00e1ramku 6.5&#215;5 cm s\u00edla dr\u00e1tu 1.15mm<\/p>\n<p>\u25cfVelikost perly 25x17mm perla je p\u0159\u00edrodn\u00ed duhov\u00e9 barvy.<\/p>\n<p>\u25cfN\u00e1ramek\u00a0 je jeden model<\/p>\n","protected":false},"excerpt":{"rendered":"<p>\u25cfN\u00e1ramek\u00a0 z b\u00edl\u00e9ho zlata 14kr\/ 7,8g \u25cfVelikost\u00a0 n\u00e1ramku 6.5&#215;5 cm s\u00edla dr\u00e1tu 1.15mm \u25cfVelikost perly 25x17mm perla je p\u0159\u00edrodn\u00ed duhov\u00e9 barvy. \u25cfN\u00e1ramek\u00a0 je jeden model<\/p>\n","protected":false},"featured_media":2489,"template":"","meta":[],"product_cat":[15],"product_tag":[],"_links":{"self":[{"href":"https:\/\/zlatesperky-rb.cz\/index.php?rest_route=\/wp\/v2\/product\/2508"}],"collection":[{"href":"https:\/\/zlatesperky-rb.cz\/index.php?rest_route=\/wp\/v2\/product"}],"about":[{"href":"https:\/\/zlatesperky-rb.cz\/index.php?rest_route=\/wp\/v2\/types\/product"}],"wp:featuredmedia":[{"embeddable":true,"href":"https:\/\/zlatesperky-rb.cz\/index.php?rest_route=\/wp\/v2\/media\/2489"}],"wp:attachment":[{"href":"https:\/\/zlatesperky-rb.cz\/index.php?rest_route=%2Fwp%2Fv2%2Fmedia&parent=2508"}],"wp:term":[{"taxonomy":"product_cat","embeddable":true,"href":"https:\/\/zlatesperky-rb.cz\/index.php?rest_route=%2Fwp%2Fv2%2Fproduct_cat&post=2508"},{"taxonomy":"product_tag","embeddable":true,"href":"https:\/\/zlatesperky-rb.cz\/index.php?rest_route=%2Fwp%2Fv2%2Fproduct_tag&post=2508"}],"curies":[{"name":"wp","href":"https:\/\/api.w.org\/{rel}","templated":true}]}}