{"id":2510,"date":"2024-11-08T12:27:56","date_gmt":"2024-11-08T12:27:56","guid":{"rendered":"https:\/\/zlatesperky-rb.cz\/?post_type=product&#038;p=2510"},"modified":"2025-01-15T10:27:37","modified_gmt":"2025-01-15T10:27:37","slug":"prsten-ze-zluteho-zlata-s-perlou","status":"publish","type":"product","link":"https:\/\/zlatesperky-rb.cz\/?product=prsten-ze-zluteho-zlata-s-perlou","title":{"rendered":"Prsten ze \u017elut\u00e9ho zlata s perlou"},"content":{"rendered":"<p>\u25cfV\u00e1ha prstenu 2,5g\/14 kr \u017elut\u00e9 zlato<\/p>\n<p>\u25cfVelikost prstenu 54<\/p>\n<p>\u25cfVelikost\u00a0 perly 10mm(perla b\u00edl\u00e1)<\/p>\n<p>Prsten je p\u016fvabn\u00fd , ru\u010dn\u00ed\u00a0 \u010desk\u00e1\u00a0 v\u00fdroba .<\/p>\n","protected":false},"excerpt":{"rendered":"<p>\u25cfV\u00e1ha prstenu 2,5g\/14 kr \u017elut\u00e9 zlato \u25cfVelikost prstenu 54 \u25cfVelikost\u00a0 perly 10mm(perla b\u00edl\u00e1) Prsten je p\u016fvabn\u00fd , ru\u010dn\u00ed\u00a0 \u010desk\u00e1\u00a0 v\u00fdroba .<\/p>\n","protected":false},"featured_media":2485,"template":"","meta":[],"product_cat":[15],"product_tag":[],"_links":{"self":[{"href":"https:\/\/zlatesperky-rb.cz\/index.php?rest_route=\/wp\/v2\/product\/2510"}],"collection":[{"href":"https:\/\/zlatesperky-rb.cz\/index.php?rest_route=\/wp\/v2\/product"}],"about":[{"href":"https:\/\/zlatesperky-rb.cz\/index.php?rest_route=\/wp\/v2\/types\/product"}],"wp:featuredmedia":[{"embeddable":true,"href":"https:\/\/zlatesperky-rb.cz\/index.php?rest_route=\/wp\/v2\/media\/2485"}],"wp:attachment":[{"href":"https:\/\/zlatesperky-rb.cz\/index.php?rest_route=%2Fwp%2Fv2%2Fmedia&parent=2510"}],"wp:term":[{"taxonomy":"product_cat","embeddable":true,"href":"https:\/\/zlatesperky-rb.cz\/index.php?rest_route=%2Fwp%2Fv2%2Fproduct_cat&post=2510"},{"taxonomy":"product_tag","embeddable":true,"href":"https:\/\/zlatesperky-rb.cz\/index.php?rest_route=%2Fwp%2Fv2%2Fproduct_tag&post=2510"}],"curies":[{"name":"wp","href":"https:\/\/api.w.org\/{rel}","templated":true}]}}