{"id":253,"date":"2021-08-30T19:53:58","date_gmt":"2021-08-30T19:53:58","guid":{"rendered":"http:\/\/www.zlatesperkyrb.cz.uvirt111.active24.cz\/?post_type=product&#038;p=253"},"modified":"2026-03-15T12:47:25","modified_gmt":"2026-03-15T12:47:25","slug":"prsten-2","status":"publish","type":"product","link":"https:\/\/zlatesperky-rb.cz\/?product=prsten-2","title":{"rendered":"prsten"},"content":{"rendered":"<p style=\"text-align: left;\">Zlat\u00fd prsten ru\u010dn\u00ed pr\u00e1ce vyroben ze 14 kr \u017elut\u00e9ho zlata zdoben p\u0159\u00edrodn\u00edm citr\u00ednem ,kter\u00fd je vybrou\u0161en do troj\u00faheln\u00edkov\u00e9ho tvaru a p\u0159\u00edrodn\u00ed mo\u0159skou perlou barvy zlata SSP toto je ozna\u010den\u00ed perel z ji\u017en\u00edch mo\u0159\u00ed.<\/p>\n","protected":false},"excerpt":{"rendered":"<p>Modelov\u00fd \u0161perk<\/p>\n<ul>\n<li>Mo\u0159sk\u00e1 perla SSPvel.8mm<\/li>\n<li>P\u0159\u00edrodn\u00ed k\u00e1men citr\u00edn vel.8x8mm<\/li>\n<li>v\u00e1ha 5g 14kr\u00a0 \u017elut\u00e9 zlato<\/li>\n<\/ul>\n","protected":false},"featured_media":256,"template":"","meta":[],"product_cat":[20,27],"product_tag":[],"_links":{"self":[{"href":"https:\/\/zlatesperky-rb.cz\/index.php?rest_route=\/wp\/v2\/product\/253"}],"collection":[{"href":"https:\/\/zlatesperky-rb.cz\/index.php?rest_route=\/wp\/v2\/product"}],"about":[{"href":"https:\/\/zlatesperky-rb.cz\/index.php?rest_route=\/wp\/v2\/types\/product"}],"wp:featuredmedia":[{"embeddable":true,"href":"https:\/\/zlatesperky-rb.cz\/index.php?rest_route=\/wp\/v2\/media\/256"}],"wp:attachment":[{"href":"https:\/\/zlatesperky-rb.cz\/index.php?rest_route=%2Fwp%2Fv2%2Fmedia&parent=253"}],"wp:term":[{"taxonomy":"product_cat","embeddable":true,"href":"https:\/\/zlatesperky-rb.cz\/index.php?rest_route=%2Fwp%2Fv2%2Fproduct_cat&post=253"},{"taxonomy":"product_tag","embeddable":true,"href":"https:\/\/zlatesperky-rb.cz\/index.php?rest_route=%2Fwp%2Fv2%2Fproduct_tag&post=253"}],"curies":[{"name":"wp","href":"https:\/\/api.w.org\/{rel}","templated":true}]}}