{"id":261,"date":"2021-08-30T20:11:53","date_gmt":"2021-08-30T20:11:53","guid":{"rendered":"http:\/\/www.zlatesperkyrb.cz.uvirt111.active24.cz\/?post_type=product&#038;p=261"},"modified":"2021-09-15T12:02:52","modified_gmt":"2021-09-15T12:02:52","slug":"prsten-3","status":"publish","type":"product","link":"https:\/\/zlatesperky-rb.cz\/?product=prsten-3","title":{"rendered":"prsten"},"content":{"rendered":"<p>Prsten \u017elut\u00e9 zlato jemn\u00fd modern\u00ed d\u00edv\u010d\u00ed.<\/p>\n","protected":false},"excerpt":{"rendered":"<ul>\n<li>prsten 14 k<\/li>\n<li>rub\u00edn 5 ks syntetick\u00fd<\/li>\n<li>zirkon 4 ks syntetick\u00fd<\/li>\n<li>v\u00e1ha 2 gr<\/li>\n<li>velikost 56<\/li>\n<\/ul>\n","protected":false},"featured_media":262,"template":"","meta":[],"product_cat":[20,27],"product_tag":[],"_links":{"self":[{"href":"https:\/\/zlatesperky-rb.cz\/index.php?rest_route=\/wp\/v2\/product\/261"}],"collection":[{"href":"https:\/\/zlatesperky-rb.cz\/index.php?rest_route=\/wp\/v2\/product"}],"about":[{"href":"https:\/\/zlatesperky-rb.cz\/index.php?rest_route=\/wp\/v2\/types\/product"}],"wp:featuredmedia":[{"embeddable":true,"href":"https:\/\/zlatesperky-rb.cz\/index.php?rest_route=\/wp\/v2\/media\/262"}],"wp:attachment":[{"href":"https:\/\/zlatesperky-rb.cz\/index.php?rest_route=%2Fwp%2Fv2%2Fmedia&parent=261"}],"wp:term":[{"taxonomy":"product_cat","embeddable":true,"href":"https:\/\/zlatesperky-rb.cz\/index.php?rest_route=%2Fwp%2Fv2%2Fproduct_cat&post=261"},{"taxonomy":"product_tag","embeddable":true,"href":"https:\/\/zlatesperky-rb.cz\/index.php?rest_route=%2Fwp%2Fv2%2Fproduct_tag&post=261"}],"curies":[{"name":"wp","href":"https:\/\/api.w.org\/{rel}","templated":true}]}}