{"id":870,"date":"2021-09-03T18:50:24","date_gmt":"2021-09-03T18:50:24","guid":{"rendered":"http:\/\/www.zlatesperkyrb.cz.uvirt111.active24.cz\/?post_type=product&#038;p=870"},"modified":"2021-09-18T00:20:10","modified_gmt":"2021-09-18T00:20:10","slug":"produkt","status":"publish","type":"product","link":"https:\/\/zlatesperky-rb.cz\/?product=produkt","title":{"rendered":"p\u0159\u00edv\u011b\u0161ek kytka"},"content":{"rendered":"<p>P\u0159\u00edv\u011b\u0161ek je vyroben z b\u00edl\u00e9ho zlata 14 kr<\/p>\n<p>kyti\u010dka je vyroben\u00e1 na provle\u010den\u00ed \u0159et\u00edzkem.<\/p>\n","protected":false},"excerpt":{"rendered":"<ul>\n<li>v\u00e1ha kyti\u010dky 2,35 g \/14 kr \/<\/li>\n<li>velikost kyti\u010dky 26 mm<\/li>\n<li>kyti\u010dka je na obou stran\u00e1ch stejn\u00e1<\/li>\n<\/ul>\n","protected":false},"featured_media":861,"template":"","meta":[],"product_cat":[23],"product_tag":[],"_links":{"self":[{"href":"https:\/\/zlatesperky-rb.cz\/index.php?rest_route=\/wp\/v2\/product\/870"}],"collection":[{"href":"https:\/\/zlatesperky-rb.cz\/index.php?rest_route=\/wp\/v2\/product"}],"about":[{"href":"https:\/\/zlatesperky-rb.cz\/index.php?rest_route=\/wp\/v2\/types\/product"}],"wp:featuredmedia":[{"embeddable":true,"href":"https:\/\/zlatesperky-rb.cz\/index.php?rest_route=\/wp\/v2\/media\/861"}],"wp:attachment":[{"href":"https:\/\/zlatesperky-rb.cz\/index.php?rest_route=%2Fwp%2Fv2%2Fmedia&parent=870"}],"wp:term":[{"taxonomy":"product_cat","embeddable":true,"href":"https:\/\/zlatesperky-rb.cz\/index.php?rest_route=%2Fwp%2Fv2%2Fproduct_cat&post=870"},{"taxonomy":"product_tag","embeddable":true,"href":"https:\/\/zlatesperky-rb.cz\/index.php?rest_route=%2Fwp%2Fv2%2Fproduct_tag&post=870"}],"curies":[{"name":"wp","href":"https:\/\/api.w.org\/{rel}","templated":true}]}}