{"id":879,"date":"2021-09-03T18:40:02","date_gmt":"2021-09-03T18:40:02","guid":{"rendered":"http:\/\/www.zlatesperkyrb.cz.uvirt111.active24.cz\/?post_type=product&#038;p=879"},"modified":"2021-09-14T16:29:26","modified_gmt":"2021-09-14T16:29:26","slug":"879","status":"publish","type":"product","link":"https:\/\/zlatesperky-rb.cz\/?product=879","title":{"rendered":"N\u00e1hrdeln\u00edk  ametystov\u00e9 kyti\u010dky Mace\u0161ky"},"content":{"rendered":"<p>N\u00e1hrdeln\u00edk ametystov\u00e9 kyti\u010dky je ru\u010dn\u011b vyr\u00e1b\u011bn\u00a0 a i kv\u011bty jsou ru\u010dn\u011b vybru\u0161ovan\u00e9 do tvaru\/ mace\u0161ky\/<\/p>\n<p>n\u00e1\u0161 model v\u017edy jeden kus.<\/p>\n<p>N\u00e1hrdeln\u00edk je vyroben ve \u017elut\u00e9m zlat\u011b 14 kr.<\/p>\n","protected":false},"excerpt":{"rendered":"<ul>\n<li>n\u00e1hrdeln\u00edk m\u00e1 7 ametystov\u00fdch kyti\u010dek vel. 10 mm<\/li>\n<li>v\u00e1ha n\u00e1hrdeln\u00edku 4,7 g \/14 kr \/<\/li>\n<li>d\u00e9lka n\u00e1hrdeln\u00edku 47 cm<\/li>\n<li>cena 21900 k\u010d<\/li>\n<li>n\u00e1hrdeln\u00edk \u010d.2\u00a0 m\u00e1 4 ametystov\u00e9 kyti\u010dky vel. 10 mm<\/li>\n<li>v\u00e1ha n\u00e1hrdeln\u00edku 3,95 g \/ 14 kr \/<\/li>\n<li>d\u00e9lka n\u00e1hrdeln\u00edku 44 cm<\/li>\n<li>cena\u00a0 12800 k\u010d<\/li>\n<li>prst\u00fdnek dv\u011b kyti\u010dky vel. 10 mm<\/li>\n<li>v\u00e1ha prstenu 2,3 g\u00a0 \/14 kr\/<\/li>\n<li>velikost prstenu 54<\/li>\n<li>cena prstenu 9800 k\u010d<\/li>\n<\/ul>\n","protected":false},"featured_media":814,"template":"","meta":[],"product_cat":[25],"product_tag":[],"_links":{"self":[{"href":"https:\/\/zlatesperky-rb.cz\/index.php?rest_route=\/wp\/v2\/product\/879"}],"collection":[{"href":"https:\/\/zlatesperky-rb.cz\/index.php?rest_route=\/wp\/v2\/product"}],"about":[{"href":"https:\/\/zlatesperky-rb.cz\/index.php?rest_route=\/wp\/v2\/types\/product"}],"wp:featuredmedia":[{"embeddable":true,"href":"https:\/\/zlatesperky-rb.cz\/index.php?rest_route=\/wp\/v2\/media\/814"}],"wp:attachment":[{"href":"https:\/\/zlatesperky-rb.cz\/index.php?rest_route=%2Fwp%2Fv2%2Fmedia&parent=879"}],"wp:term":[{"taxonomy":"product_cat","embeddable":true,"href":"https:\/\/zlatesperky-rb.cz\/index.php?rest_route=%2Fwp%2Fv2%2Fproduct_cat&post=879"},{"taxonomy":"product_tag","embeddable":true,"href":"https:\/\/zlatesperky-rb.cz\/index.php?rest_route=%2Fwp%2Fv2%2Fproduct_tag&post=879"}],"curies":[{"name":"wp","href":"https:\/\/api.w.org\/{rel}","templated":true}]}}