{"id":900,"date":"2021-09-05T19:34:05","date_gmt":"2021-09-05T19:34:05","guid":{"rendered":"http:\/\/www.zlatesperkyrb.cz.uvirt111.active24.cz\/?post_type=product&#038;p=900"},"modified":"2026-03-19T22:10:32","modified_gmt":"2026-03-19T22:10:32","slug":"prsten-5","status":"publish","type":"product","link":"https:\/\/zlatesperky-rb.cz\/?product=prsten-5","title":{"rendered":"N\u00e1hrdeln\u00edk"},"content":{"rendered":"<p>N\u00e1hrdeln\u00edk se syntetick\u00fdmi rub\u00edny v b\u00edl\u00e9m 14 kar zlat\u011b .<\/p>\n<p>n\u00e1hrdeln\u00edk lze vyrobit i s jin\u00fdmi kameny i ve \u017elutem zlat\u011b.<\/p>\n","protected":false},"excerpt":{"rendered":"<ul>\n<li>v\u00e1ha n\u00e1hrdeln\u00edku\u00a0 \u00a03,55g \/14kr\/<\/li>\n<li>d\u00e9lka n\u00e1hrdeln\u00edku 49 cm<\/li>\n<li>velikost syntetick\u00fdch rub\u00ednu 8&#215;8 mm<\/li>\n<\/ul>\n","protected":false},"featured_media":809,"template":"","meta":[],"product_cat":[25,19],"product_tag":[],"_links":{"self":[{"href":"https:\/\/zlatesperky-rb.cz\/index.php?rest_route=\/wp\/v2\/product\/900"}],"collection":[{"href":"https:\/\/zlatesperky-rb.cz\/index.php?rest_route=\/wp\/v2\/product"}],"about":[{"href":"https:\/\/zlatesperky-rb.cz\/index.php?rest_route=\/wp\/v2\/types\/product"}],"wp:featuredmedia":[{"embeddable":true,"href":"https:\/\/zlatesperky-rb.cz\/index.php?rest_route=\/wp\/v2\/media\/809"}],"wp:attachment":[{"href":"https:\/\/zlatesperky-rb.cz\/index.php?rest_route=%2Fwp%2Fv2%2Fmedia&parent=900"}],"wp:term":[{"taxonomy":"product_cat","embeddable":true,"href":"https:\/\/zlatesperky-rb.cz\/index.php?rest_route=%2Fwp%2Fv2%2Fproduct_cat&post=900"},{"taxonomy":"product_tag","embeddable":true,"href":"https:\/\/zlatesperky-rb.cz\/index.php?rest_route=%2Fwp%2Fv2%2Fproduct_tag&post=900"}],"curies":[{"name":"wp","href":"https:\/\/api.w.org\/{rel}","templated":true}]}}