{"id":901,"date":"2021-09-05T19:38:11","date_gmt":"2021-09-05T19:38:11","guid":{"rendered":"http:\/\/www.zlatesperkyrb.cz.uvirt111.active24.cz\/?post_type=product&#038;p=901"},"modified":"2026-03-14T06:42:11","modified_gmt":"2026-03-14T06:42:11","slug":"prsten-6","status":"publish","type":"product","link":"https:\/\/zlatesperky-rb.cz\/?product=prsten-6","title":{"rendered":"Bro\u017e dv\u011b srdce"},"content":{"rendered":"<p>Bro\u017e dv\u011b srdce z r\u016f\u017eov\u00e9ho a b\u00edl\u00e9ho zlata 14 kr propleten\u00e9.<\/p>\n<p>Bro\u017e je ru\u010dn\u011b vyr\u00e1b\u011bn\u00e1 ze dvou druhu zlata.<\/p>\n","protected":false},"excerpt":{"rendered":"<ul>\n<li>v\u00e1ha bro\u017ee\u00a0 3,2 g<\/li>\n<li>velikost bro\u017ee 38 x 25 mm<\/li>\n<\/ul>\n","protected":false},"featured_media":1045,"template":"","meta":[],"product_cat":[30],"product_tag":[],"_links":{"self":[{"href":"https:\/\/zlatesperky-rb.cz\/index.php?rest_route=\/wp\/v2\/product\/901"}],"collection":[{"href":"https:\/\/zlatesperky-rb.cz\/index.php?rest_route=\/wp\/v2\/product"}],"about":[{"href":"https:\/\/zlatesperky-rb.cz\/index.php?rest_route=\/wp\/v2\/types\/product"}],"wp:featuredmedia":[{"embeddable":true,"href":"https:\/\/zlatesperky-rb.cz\/index.php?rest_route=\/wp\/v2\/media\/1045"}],"wp:attachment":[{"href":"https:\/\/zlatesperky-rb.cz\/index.php?rest_route=%2Fwp%2Fv2%2Fmedia&parent=901"}],"wp:term":[{"taxonomy":"product_cat","embeddable":true,"href":"https:\/\/zlatesperky-rb.cz\/index.php?rest_route=%2Fwp%2Fv2%2Fproduct_cat&post=901"},{"taxonomy":"product_tag","embeddable":true,"href":"https:\/\/zlatesperky-rb.cz\/index.php?rest_route=%2Fwp%2Fv2%2Fproduct_tag&post=901"}],"curies":[{"name":"wp","href":"https:\/\/api.w.org\/{rel}","templated":true}]}}