{"id":903,"date":"2021-09-05T19:48:55","date_gmt":"2021-09-05T19:48:55","guid":{"rendered":"http:\/\/www.zlatesperkyrb.cz.uvirt111.active24.cz\/?post_type=product&#038;p=903"},"modified":"2026-03-15T12:07:18","modified_gmt":"2026-03-15T12:07:18","slug":"broz-2","status":"publish","type":"product","link":"https:\/\/zlatesperky-rb.cz\/?product=broz-2","title":{"rendered":"Bro\u017e"},"content":{"rendered":"<p><!--more-->Bro\u017e v b\u00edl\u00e9m zlat\u011b 14 kr se 3 perlami a se zirkonem uprost\u0159ed.<\/p>\n","protected":false},"excerpt":{"rendered":"<ul>\n<li>v\u00e1ha bro\u017ee 3,9 g \/14 kr<\/li>\n<li>velikost bro\u017ee 30 mm<\/li>\n<li>velikost perli\u010dek 3mm, 3ks<\/li>\n<li>velikost zirkonu 3mm<\/li>\n<\/ul>\n","protected":false},"featured_media":1044,"template":"","meta":[],"product_cat":[15,30],"product_tag":[],"_links":{"self":[{"href":"https:\/\/zlatesperky-rb.cz\/index.php?rest_route=\/wp\/v2\/product\/903"}],"collection":[{"href":"https:\/\/zlatesperky-rb.cz\/index.php?rest_route=\/wp\/v2\/product"}],"about":[{"href":"https:\/\/zlatesperky-rb.cz\/index.php?rest_route=\/wp\/v2\/types\/product"}],"wp:featuredmedia":[{"embeddable":true,"href":"https:\/\/zlatesperky-rb.cz\/index.php?rest_route=\/wp\/v2\/media\/1044"}],"wp:attachment":[{"href":"https:\/\/zlatesperky-rb.cz\/index.php?rest_route=%2Fwp%2Fv2%2Fmedia&parent=903"}],"wp:term":[{"taxonomy":"product_cat","embeddable":true,"href":"https:\/\/zlatesperky-rb.cz\/index.php?rest_route=%2Fwp%2Fv2%2Fproduct_cat&post=903"},{"taxonomy":"product_tag","embeddable":true,"href":"https:\/\/zlatesperky-rb.cz\/index.php?rest_route=%2Fwp%2Fv2%2Fproduct_tag&post=903"}],"curies":[{"name":"wp","href":"https:\/\/api.w.org\/{rel}","templated":true}]}}