{"id":905,"date":"2021-09-05T19:55:46","date_gmt":"2021-09-05T19:55:46","guid":{"rendered":"http:\/\/www.zlatesperkyrb.cz.uvirt111.active24.cz\/?post_type=product&#038;p=905"},"modified":"2021-09-18T00:15:37","modified_gmt":"2021-09-18T00:15:37","slug":"nahrdelnik","status":"publish","type":"product","link":"https:\/\/zlatesperky-rb.cz\/?product=nahrdelnik","title":{"rendered":"N\u00e1hrdeln\u00edk \u010dern\u00e1 ko\u017ee\u0161inka"},"content":{"rendered":"<p>N\u00e1hrdeln\u00edk \u010dern\u00e1 ko\u017ee\u0161inka s p\u0159\u00edrodn\u00edm kamenem Morganit\u00a0 a p\u0159\u00edrodn\u00ed r\u016f\u017eovou jezern\u00ed perlou v r\u016f\u017eov\u00e9m zlat\u011b.<\/p>\n<p>N\u00e1hrdeln\u00edk je origin\u00e1ln\u00ed \u0161perk.<\/p>\n<p>Uz\u00e1v\u011br na ko\u017ee\u0161in\u011b je z obecn\u00e9ho kovu.<\/p>\n","protected":false},"excerpt":{"rendered":"<ul>\n<li>d\u00e9lka ko\u017ee\u0161iny 40 cm<\/li>\n<li>pr\u016fm\u011br ko\u017ee\u0161iny 25 mm<\/li>\n<li>velikost p\u0159\u00edrodn\u00ed perly 12 mm<\/li>\n<li>v\u00e1ha p\u0159\u00edv\u011b\u0161ku 3,5 g \/14 kr \/r\u016f\u017eov\u00e9ho zlata\/<\/li>\n<li>v\u00e1ha p\u0159\u00edv\u011b\u0161ku 18,9ct<\/li>\n<li>rozm\u011br kamene 20 x 12 mm<\/li>\n<li>cena info.na prodejn\u011b<\/li>\n<\/ul>\n","protected":false},"featured_media":827,"template":"","meta":[],"product_cat":[25,24],"product_tag":[],"_links":{"self":[{"href":"https:\/\/zlatesperky-rb.cz\/index.php?rest_route=\/wp\/v2\/product\/905"}],"collection":[{"href":"https:\/\/zlatesperky-rb.cz\/index.php?rest_route=\/wp\/v2\/product"}],"about":[{"href":"https:\/\/zlatesperky-rb.cz\/index.php?rest_route=\/wp\/v2\/types\/product"}],"wp:featuredmedia":[{"embeddable":true,"href":"https:\/\/zlatesperky-rb.cz\/index.php?rest_route=\/wp\/v2\/media\/827"}],"wp:attachment":[{"href":"https:\/\/zlatesperky-rb.cz\/index.php?rest_route=%2Fwp%2Fv2%2Fmedia&parent=905"}],"wp:term":[{"taxonomy":"product_cat","embeddable":true,"href":"https:\/\/zlatesperky-rb.cz\/index.php?rest_route=%2Fwp%2Fv2%2Fproduct_cat&post=905"},{"taxonomy":"product_tag","embeddable":true,"href":"https:\/\/zlatesperky-rb.cz\/index.php?rest_route=%2Fwp%2Fv2%2Fproduct_tag&post=905"}],"curies":[{"name":"wp","href":"https:\/\/api.w.org\/{rel}","templated":true}]}}