{"id":906,"date":"2021-09-05T19:57:50","date_gmt":"2021-09-05T19:57:50","guid":{"rendered":"http:\/\/www.zlatesperkyrb.cz.uvirt111.active24.cz\/?post_type=product&#038;p=906"},"modified":"2021-09-15T16:56:26","modified_gmt":"2021-09-15T16:56:26","slug":"nahrdelnik-2","status":"publish","type":"product","link":"https:\/\/zlatesperky-rb.cz\/?product=nahrdelnik-2","title":{"rendered":"N\u00e1hrdeln\u00edk zimn\u00ed"},"content":{"rendered":"<p>N\u00e1hrdeln\u00edk s p\u0159\u00edrodn\u00ed ko\u017ee\u0161inou\u00a0 (norek) na kter\u00e9m je zav\u011b\u0161en p\u0159\u00edrodn\u00ed Horsk\u00fd k\u0159i\u0161\u0165\u00e1l ve \u017elut\u00e9m 14 kr zlat\u011b.<\/p>\n<p>&nbsp;<\/p>\n","protected":false},"excerpt":{"rendered":"<ul>\n<li>ko\u017ee\u0161inka b\u00edl\u00e1 \/ Norek\/<\/li>\n<li>dl.42 cm<\/li>\n<li>v\u00e1ha p\u0159\u00edv\u011b\u0161ku 3,9 g<\/li>\n<li>v\u00e1ha kamene 75,5ct<\/li>\n<li>rozm\u011bry kamene 20&#215;35 mm<\/li>\n<\/ul>\n","protected":false},"featured_media":825,"template":"","meta":[],"product_cat":[15,25],"product_tag":[],"_links":{"self":[{"href":"https:\/\/zlatesperky-rb.cz\/index.php?rest_route=\/wp\/v2\/product\/906"}],"collection":[{"href":"https:\/\/zlatesperky-rb.cz\/index.php?rest_route=\/wp\/v2\/product"}],"about":[{"href":"https:\/\/zlatesperky-rb.cz\/index.php?rest_route=\/wp\/v2\/types\/product"}],"wp:featuredmedia":[{"embeddable":true,"href":"https:\/\/zlatesperky-rb.cz\/index.php?rest_route=\/wp\/v2\/media\/825"}],"wp:attachment":[{"href":"https:\/\/zlatesperky-rb.cz\/index.php?rest_route=%2Fwp%2Fv2%2Fmedia&parent=906"}],"wp:term":[{"taxonomy":"product_cat","embeddable":true,"href":"https:\/\/zlatesperky-rb.cz\/index.php?rest_route=%2Fwp%2Fv2%2Fproduct_cat&post=906"},{"taxonomy":"product_tag","embeddable":true,"href":"https:\/\/zlatesperky-rb.cz\/index.php?rest_route=%2Fwp%2Fv2%2Fproduct_tag&post=906"}],"curies":[{"name":"wp","href":"https:\/\/api.w.org\/{rel}","templated":true}]}}