{"id":910,"date":"2021-09-05T20:06:19","date_gmt":"2021-09-05T20:06:19","guid":{"rendered":"http:\/\/www.zlatesperkyrb.cz.uvirt111.active24.cz\/?post_type=product&#038;p=910"},"modified":"2021-09-15T11:55:31","modified_gmt":"2021-09-15T11:55:31","slug":"prsten-9","status":"publish","type":"product","link":"https:\/\/zlatesperky-rb.cz\/?product=prsten-9","title":{"rendered":"N\u00e1u\u0161nice diamantov\u00e9"},"content":{"rendered":"<p>Diamantov\u00e9 n\u00e1u\u0161ni\u010dky jsou ru\u010dn\u011b vyr\u00e1b\u011bn\u00e9 a i ru\u010dn\u011b vsazovan\u00e9 diamanty,<\/p>\n<p>n\u00e1u\u0161nice jsou\u00a0 vyroben\u00e9 z b\u00edl\u00e9ho 14 kr zlata a na puzetov\u00fd\u00a0 uz\u00e1v\u011br.<\/p>\n<p>K t\u011bmto n\u00e1u\u0161nic\u00edm lze vyrobit t\u011b\u017e p\u0159\u00edv\u011b\u0161ek nebo prsten.<\/p>\n","protected":false},"excerpt":{"rendered":"<ul>\n<li>n\u00e1u\u0161nice b\u00edl\u00e9 zlato 14 kr<\/li>\n<li>v\u00e1ha n\u00e1u\u0161nic 3,3g<\/li>\n<li>v\u00e1ha diamantu 0,28 ct \/20 ks\/\u00a0 Si1 G<\/li>\n<li>puzetov\u00e9 zap\u00edn\u00e1n\u00ed<\/li>\n<li>d\u00e9lka a \u0161\u00ed\u0159e n\u00e1u\u0161nice 25 mm x 15 mm<\/li>\n<\/ul>\n","protected":false},"featured_media":787,"template":"","meta":[],"product_cat":[22,29],"product_tag":[],"_links":{"self":[{"href":"https:\/\/zlatesperky-rb.cz\/index.php?rest_route=\/wp\/v2\/product\/910"}],"collection":[{"href":"https:\/\/zlatesperky-rb.cz\/index.php?rest_route=\/wp\/v2\/product"}],"about":[{"href":"https:\/\/zlatesperky-rb.cz\/index.php?rest_route=\/wp\/v2\/types\/product"}],"wp:featuredmedia":[{"embeddable":true,"href":"https:\/\/zlatesperky-rb.cz\/index.php?rest_route=\/wp\/v2\/media\/787"}],"wp:attachment":[{"href":"https:\/\/zlatesperky-rb.cz\/index.php?rest_route=%2Fwp%2Fv2%2Fmedia&parent=910"}],"wp:term":[{"taxonomy":"product_cat","embeddable":true,"href":"https:\/\/zlatesperky-rb.cz\/index.php?rest_route=%2Fwp%2Fv2%2Fproduct_cat&post=910"},{"taxonomy":"product_tag","embeddable":true,"href":"https:\/\/zlatesperky-rb.cz\/index.php?rest_route=%2Fwp%2Fv2%2Fproduct_tag&post=910"}],"curies":[{"name":"wp","href":"https:\/\/api.w.org\/{rel}","templated":true}]}}