{"id":914,"date":"2021-09-05T20:21:48","date_gmt":"2021-09-05T20:21:48","guid":{"rendered":"http:\/\/www.zlatesperkyrb.cz.uvirt111.active24.cz\/?post_type=product&#038;p=914"},"modified":"2021-11-27T06:33:28","modified_gmt":"2021-11-27T06:33:28","slug":"prsten-11","status":"publish","type":"product","link":"https:\/\/zlatesperky-rb.cz\/?product=prsten-11","title":{"rendered":"Prsten rub\u00ednov\u00fd"},"content":{"rendered":"<p>Prsten s p\u0159\u00edrodn\u00edm rub\u00ednem a diamantem ru\u010dn\u00ed v\u00fdroba\u00a0 vlastn\u00ed model .<\/p>\n<p>Tento prsten lze vyrobit i s jin\u00fdm kamenem \/akvamar\u00ednem (bled\u011b modr\u00fd),morganit( sv\u011btle r\u016f\u017eov\u00fd)<\/p>\n<p>K\u00a0 tomuto prstenu lze vyrobit i n\u00e1u\u0161nice\u00a0 a i p\u0159\u00edv\u011b\u0161ek.<\/p>\n","protected":false},"excerpt":{"rendered":"<p>Zak\u00e1zkov\u00e1 v\u00fdroba<\/p>\n<ul>\n<li>v\u00e1ha prstenu 4,6g \/14 kr \/<\/li>\n<li>v\u00e1ha p\u0159\u00edrodn\u00edho Rub\u00ednu 1,3ct<\/li>\n<li>velikost prstenu 56<\/li>\n<li>velikost diamantu 0,05 ct<\/li>\n<li>cena prstenu info.v prodejn\u011b<\/li>\n<\/ul>\n","protected":false},"featured_media":836,"template":"","meta":[],"product_cat":[20,27],"product_tag":[],"_links":{"self":[{"href":"https:\/\/zlatesperky-rb.cz\/index.php?rest_route=\/wp\/v2\/product\/914"}],"collection":[{"href":"https:\/\/zlatesperky-rb.cz\/index.php?rest_route=\/wp\/v2\/product"}],"about":[{"href":"https:\/\/zlatesperky-rb.cz\/index.php?rest_route=\/wp\/v2\/types\/product"}],"wp:featuredmedia":[{"embeddable":true,"href":"https:\/\/zlatesperky-rb.cz\/index.php?rest_route=\/wp\/v2\/media\/836"}],"wp:attachment":[{"href":"https:\/\/zlatesperky-rb.cz\/index.php?rest_route=%2Fwp%2Fv2%2Fmedia&parent=914"}],"wp:term":[{"taxonomy":"product_cat","embeddable":true,"href":"https:\/\/zlatesperky-rb.cz\/index.php?rest_route=%2Fwp%2Fv2%2Fproduct_cat&post=914"},{"taxonomy":"product_tag","embeddable":true,"href":"https:\/\/zlatesperky-rb.cz\/index.php?rest_route=%2Fwp%2Fv2%2Fproduct_tag&post=914"}],"curies":[{"name":"wp","href":"https:\/\/api.w.org\/{rel}","templated":true}]}}