{"id":919,"date":"2021-09-05T20:34:19","date_gmt":"2021-09-05T20:34:19","guid":{"rendered":"http:\/\/www.zlatesperkyrb.cz.uvirt111.active24.cz\/?post_type=product&#038;p=919"},"modified":"2021-11-23T12:59:36","modified_gmt":"2021-11-23T12:59:36","slug":"prsten-13","status":"publish","type":"product","link":"https:\/\/zlatesperky-rb.cz\/?product=prsten-13","title":{"rendered":"Prsten srdce"},"content":{"rendered":"<ul>\n<li>prsten b\u00edl\u00e9 zlato tvar srdce s\u00a0 b\u00edl\u00fdm kam\u00ednkem<\/li>\n<li>jemn\u00fd d\u00edv\u010d\u00ed prst\u00fdnek k romantick\u00e9 p\u0159\u00edle\u017eitosti<\/li>\n<\/ul>\n","protected":false},"excerpt":{"rendered":"<ul>\n<li>b\u00edl\u00e9 zlato,t\u00e9\u017e lze vyrobit i z r\u016f\u017eov\u00e9ho zlata<\/li>\n<li>prst\u00fdnek je jemn\u00fd<\/li>\n<li>v\u00e1ha zlata 1,5 g<\/li>\n<li>velikost kam\u00ednku 2,5 mm<\/li>\n<\/ul>\n","protected":false},"featured_media":1094,"template":"","meta":[],"product_cat":[20,27],"product_tag":[],"_links":{"self":[{"href":"https:\/\/zlatesperky-rb.cz\/index.php?rest_route=\/wp\/v2\/product\/919"}],"collection":[{"href":"https:\/\/zlatesperky-rb.cz\/index.php?rest_route=\/wp\/v2\/product"}],"about":[{"href":"https:\/\/zlatesperky-rb.cz\/index.php?rest_route=\/wp\/v2\/types\/product"}],"wp:featuredmedia":[{"embeddable":true,"href":"https:\/\/zlatesperky-rb.cz\/index.php?rest_route=\/wp\/v2\/media\/1094"}],"wp:attachment":[{"href":"https:\/\/zlatesperky-rb.cz\/index.php?rest_route=%2Fwp%2Fv2%2Fmedia&parent=919"}],"wp:term":[{"taxonomy":"product_cat","embeddable":true,"href":"https:\/\/zlatesperky-rb.cz\/index.php?rest_route=%2Fwp%2Fv2%2Fproduct_cat&post=919"},{"taxonomy":"product_tag","embeddable":true,"href":"https:\/\/zlatesperky-rb.cz\/index.php?rest_route=%2Fwp%2Fv2%2Fproduct_tag&post=919"}],"curies":[{"name":"wp","href":"https:\/\/api.w.org\/{rel}","templated":true}]}}