{"id":921,"date":"2021-09-05T20:44:15","date_gmt":"2021-09-05T20:44:15","guid":{"rendered":"http:\/\/www.zlatesperkyrb.cz.uvirt111.active24.cz\/?post_type=product&#038;p=921"},"modified":"2024-05-28T09:41:11","modified_gmt":"2024-05-28T09:41:11","slug":"prsten-14","status":"publish","type":"product","link":"https:\/\/zlatesperky-rb.cz\/?product=prsten-14","title":{"rendered":"Prsten s p\u0159\u00edrodn\u00edm oliv\u00ednem a \u010dernou tahiti perlou  a s n\u00e1u\u0161nicemi"},"content":{"rendered":"<ul>\n<li>Modelov\u00fd prsten s\u00a0 p\u0159\u00edrodn\u00edm\u00a0 oliv\u00ednem a s p\u0159\u00edrodn\u00ed\u00a0 \u010dernou mo\u0159skou perlou.<\/li>\n<li>lze vyrobit ,t\u00e9\u017e s jin\u00fdm kamenem<\/li>\n<li>n\u00e1u\u0161nice\u00a0 vyroben\u00e9 k prstenu<\/li>\n<li>pouze zak\u00e1zkov\u00e1 v\u00fdroba<\/li>\n<\/ul>\n<p>PROD\u00c1NO !!<\/p>\n","protected":false},"excerpt":{"rendered":"<ul>\n<li>v\u00e1ha prstenu 4,75 g<\/li>\n<li>velikost prstenu 59<\/li>\n<li>velikost kamene 9&#215;9 mm<\/li>\n<li>velikost perly 8 mm<\/li>\n<\/ul>\n","protected":false},"featured_media":755,"template":"","meta":[],"product_cat":[22,29,20],"product_tag":[],"_links":{"self":[{"href":"https:\/\/zlatesperky-rb.cz\/index.php?rest_route=\/wp\/v2\/product\/921"}],"collection":[{"href":"https:\/\/zlatesperky-rb.cz\/index.php?rest_route=\/wp\/v2\/product"}],"about":[{"href":"https:\/\/zlatesperky-rb.cz\/index.php?rest_route=\/wp\/v2\/types\/product"}],"wp:featuredmedia":[{"embeddable":true,"href":"https:\/\/zlatesperky-rb.cz\/index.php?rest_route=\/wp\/v2\/media\/755"}],"wp:attachment":[{"href":"https:\/\/zlatesperky-rb.cz\/index.php?rest_route=%2Fwp%2Fv2%2Fmedia&parent=921"}],"wp:term":[{"taxonomy":"product_cat","embeddable":true,"href":"https:\/\/zlatesperky-rb.cz\/index.php?rest_route=%2Fwp%2Fv2%2Fproduct_cat&post=921"},{"taxonomy":"product_tag","embeddable":true,"href":"https:\/\/zlatesperky-rb.cz\/index.php?rest_route=%2Fwp%2Fv2%2Fproduct_tag&post=921"}],"curies":[{"name":"wp","href":"https:\/\/api.w.org\/{rel}","templated":true}]}}