{"id":923,"date":"2021-09-05T20:48:28","date_gmt":"2021-09-05T20:48:28","guid":{"rendered":"http:\/\/www.zlatesperkyrb.cz.uvirt111.active24.cz\/?post_type=product&#038;p=923"},"modified":"2021-09-17T23:59:39","modified_gmt":"2021-09-17T23:59:39","slug":"prsten-15","status":"publish","type":"product","link":"https:\/\/zlatesperky-rb.cz\/?product=prsten-15","title":{"rendered":"Prsten"},"content":{"rendered":"<ul>\n<li>v\u00e1ha zlata\u00a0 1,4 g\u00a0 14 kr<\/li>\n<li>prsten je v b\u00edl\u00e9m zlat\u011b<\/li>\n<li>velikost kamen\u016f 3 mm<\/li>\n<li>velikost prstenu 52<\/li>\n<\/ul>\n","protected":false},"excerpt":{"rendered":"<p>Prsten v b\u00edl\u00e9m zlat\u011b se syntetick\u00fdm b\u00edl\u00fdm zirkonem,lze vyrobit i s barevn\u00fdmi kameny,<\/p>\n<p>t\u00e9\u017e s p\u0159\u00edrodn\u00edm kamen\u00a0a i\u00a0 v jin\u00e9 barv\u011b zlata.<\/p>\n","protected":false},"featured_media":1007,"template":"","meta":[],"product_cat":[20,27],"product_tag":[],"_links":{"self":[{"href":"https:\/\/zlatesperky-rb.cz\/index.php?rest_route=\/wp\/v2\/product\/923"}],"collection":[{"href":"https:\/\/zlatesperky-rb.cz\/index.php?rest_route=\/wp\/v2\/product"}],"about":[{"href":"https:\/\/zlatesperky-rb.cz\/index.php?rest_route=\/wp\/v2\/types\/product"}],"wp:featuredmedia":[{"embeddable":true,"href":"https:\/\/zlatesperky-rb.cz\/index.php?rest_route=\/wp\/v2\/media\/1007"}],"wp:attachment":[{"href":"https:\/\/zlatesperky-rb.cz\/index.php?rest_route=%2Fwp%2Fv2%2Fmedia&parent=923"}],"wp:term":[{"taxonomy":"product_cat","embeddable":true,"href":"https:\/\/zlatesperky-rb.cz\/index.php?rest_route=%2Fwp%2Fv2%2Fproduct_cat&post=923"},{"taxonomy":"product_tag","embeddable":true,"href":"https:\/\/zlatesperky-rb.cz\/index.php?rest_route=%2Fwp%2Fv2%2Fproduct_tag&post=923"}],"curies":[{"name":"wp","href":"https:\/\/api.w.org\/{rel}","templated":true}]}}