{"id":926,"date":"2021-09-05T20:58:28","date_gmt":"2021-09-05T20:58:28","guid":{"rendered":"http:\/\/www.zlatesperkyrb.cz.uvirt111.active24.cz\/?post_type=product&#038;p=926"},"modified":"2021-09-18T00:01:45","modified_gmt":"2021-09-18T00:01:45","slug":"prsten-16","status":"publish","type":"product","link":"https:\/\/zlatesperky-rb.cz\/?product=prsten-16","title":{"rendered":"N\u00e1u\u0161nice s p\u0159\u00edrodn\u00edm citr\u00ednem"},"content":{"rendered":"<p>N\u00e1u\u0161nice s p\u0159\u00edrodn\u00edm citr\u00ednem vyroben\u00e9 pouze v jedn\u00e9 velikosti a jeden p\u00e1r.<\/p>\n<p>Kameny maj\u00ed kr\u00e1sn\u011b \u017elutou barvu a brilanci jsou vybrou\u0161en\u00e9 do tzn. smaragdov\u00e9ho brusu.<\/p>\n<p>&nbsp;<\/p>\n<p>&nbsp;<\/p>\n","protected":false},"excerpt":{"rendered":"<ul>\n<li>velikost kamene 18 x 13 mm<\/li>\n<li>v\u00e1ha kamen\u016f 26,5ct<\/li>\n<li>velikost nau\u0161nic\u00a0 25 mm x13 mm<\/li>\n<li>v\u00e1ha zlata 6 g 14 kr \u017elut\u00e9<\/li>\n<\/ul>\n","protected":false},"featured_media":466,"template":"","meta":[],"product_cat":[22,29],"product_tag":[],"_links":{"self":[{"href":"https:\/\/zlatesperky-rb.cz\/index.php?rest_route=\/wp\/v2\/product\/926"}],"collection":[{"href":"https:\/\/zlatesperky-rb.cz\/index.php?rest_route=\/wp\/v2\/product"}],"about":[{"href":"https:\/\/zlatesperky-rb.cz\/index.php?rest_route=\/wp\/v2\/types\/product"}],"wp:featuredmedia":[{"embeddable":true,"href":"https:\/\/zlatesperky-rb.cz\/index.php?rest_route=\/wp\/v2\/media\/466"}],"wp:attachment":[{"href":"https:\/\/zlatesperky-rb.cz\/index.php?rest_route=%2Fwp%2Fv2%2Fmedia&parent=926"}],"wp:term":[{"taxonomy":"product_cat","embeddable":true,"href":"https:\/\/zlatesperky-rb.cz\/index.php?rest_route=%2Fwp%2Fv2%2Fproduct_cat&post=926"},{"taxonomy":"product_tag","embeddable":true,"href":"https:\/\/zlatesperky-rb.cz\/index.php?rest_route=%2Fwp%2Fv2%2Fproduct_tag&post=926"}],"curies":[{"name":"wp","href":"https:\/\/api.w.org\/{rel}","templated":true}]}}