{"id":931,"date":"2021-09-06T15:56:30","date_gmt":"2021-09-06T15:56:30","guid":{"rendered":"http:\/\/www.zlatesperkyrb.cz.uvirt111.active24.cz\/?post_type=product&#038;p=931"},"modified":"2024-05-28T09:42:26","modified_gmt":"2024-05-28T09:42:26","slug":"privesek-2","status":"publish","type":"product","link":"https:\/\/zlatesperky-rb.cz\/?product=privesek-2","title":{"rendered":"Tyrkysov\u00fd p\u0159\u00edv\u011b\u0161ek"},"content":{"rendered":"<ul>\n<li>p\u0159\u00edrodn\u00ed tyrkys<\/li>\n<li>zlat\u00fd p\u0159\u00edv\u011b\u0161ek\u00a0 14 kr \u017elut\u00e9m zlat\u011b<\/li>\n<li>p\u0159\u00edv\u011b\u0161ek pouze jeden kus<\/li>\n<li>kamen m\u00e1 origin\u00e1ln\u00ed kresbu<\/li>\n<\/ul>\n<p>PROD\u00c1NO !<\/p>\n","protected":false},"excerpt":{"rendered":"<ul>\n<li>velikost p\u0159\u00edv\u011b\u0161ku 45 mm x 25 mm<\/li>\n<li>v\u00e1ha\u00a0 zlata 2,6 g<\/li>\n<li>origin\u00e1ln\u00ed ru\u010dn\u00ed v\u00fdroba<\/li>\n<\/ul>\n","protected":false},"featured_media":801,"template":"","meta":[],"product_cat":[23],"product_tag":[],"_links":{"self":[{"href":"https:\/\/zlatesperky-rb.cz\/index.php?rest_route=\/wp\/v2\/product\/931"}],"collection":[{"href":"https:\/\/zlatesperky-rb.cz\/index.php?rest_route=\/wp\/v2\/product"}],"about":[{"href":"https:\/\/zlatesperky-rb.cz\/index.php?rest_route=\/wp\/v2\/types\/product"}],"wp:featuredmedia":[{"embeddable":true,"href":"https:\/\/zlatesperky-rb.cz\/index.php?rest_route=\/wp\/v2\/media\/801"}],"wp:attachment":[{"href":"https:\/\/zlatesperky-rb.cz\/index.php?rest_route=%2Fwp%2Fv2%2Fmedia&parent=931"}],"wp:term":[{"taxonomy":"product_cat","embeddable":true,"href":"https:\/\/zlatesperky-rb.cz\/index.php?rest_route=%2Fwp%2Fv2%2Fproduct_cat&post=931"},{"taxonomy":"product_tag","embeddable":true,"href":"https:\/\/zlatesperky-rb.cz\/index.php?rest_route=%2Fwp%2Fv2%2Fproduct_tag&post=931"}],"curies":[{"name":"wp","href":"https:\/\/api.w.org\/{rel}","templated":true}]}}