{"id":933,"date":"2021-09-06T15:58:15","date_gmt":"2021-09-06T15:58:15","guid":{"rendered":"http:\/\/www.zlatesperkyrb.cz.uvirt111.active24.cz\/?post_type=product&#038;p=933"},"modified":"2026-03-15T12:40:28","modified_gmt":"2026-03-15T12:40:28","slug":"naramek-5","status":"publish","type":"product","link":"https:\/\/zlatesperky-rb.cz\/?product=naramek-5","title":{"rendered":"N\u00e1ramek s p\u0159\u00edrodn\u00edm Amazonitem"},"content":{"rendered":"<ul>\n<li>naramek s p\u0159\u00edrodn\u00edm amazonitem<\/li>\n<li>naramek ve 14 kr zlat\u011b<\/li>\n<li>vyroben pouze 1 ks<\/li>\n<li>lze vyrobit i s jin\u00fdm kamenem<\/li>\n<\/ul>\n","protected":false},"excerpt":{"rendered":"<ul>\n<li>v\u00e1ha zlata v\u00a0 n\u00e1ramku 6,95 g 14 kr \u017elut\u00e9<\/li>\n<li>d\u00e9lka n\u00e1ramku 19 cm<\/li>\n<li>velikost\u00a0 kamen 10&#215;10 mm<\/li>\n<li>po\u010det kamen\u016f\u00a0 v n\u00e1ramku 4 ks<\/li>\n<\/ul>\n","protected":false},"featured_media":803,"template":"","meta":[],"product_cat":[21],"product_tag":[],"_links":{"self":[{"href":"https:\/\/zlatesperky-rb.cz\/index.php?rest_route=\/wp\/v2\/product\/933"}],"collection":[{"href":"https:\/\/zlatesperky-rb.cz\/index.php?rest_route=\/wp\/v2\/product"}],"about":[{"href":"https:\/\/zlatesperky-rb.cz\/index.php?rest_route=\/wp\/v2\/types\/product"}],"wp:featuredmedia":[{"embeddable":true,"href":"https:\/\/zlatesperky-rb.cz\/index.php?rest_route=\/wp\/v2\/media\/803"}],"wp:attachment":[{"href":"https:\/\/zlatesperky-rb.cz\/index.php?rest_route=%2Fwp%2Fv2%2Fmedia&parent=933"}],"wp:term":[{"taxonomy":"product_cat","embeddable":true,"href":"https:\/\/zlatesperky-rb.cz\/index.php?rest_route=%2Fwp%2Fv2%2Fproduct_cat&post=933"},{"taxonomy":"product_tag","embeddable":true,"href":"https:\/\/zlatesperky-rb.cz\/index.php?rest_route=%2Fwp%2Fv2%2Fproduct_tag&post=933"}],"curies":[{"name":"wp","href":"https:\/\/api.w.org\/{rel}","templated":true}]}}