{"id":934,"date":"2021-09-06T16:06:03","date_gmt":"2021-09-06T16:06:03","guid":{"rendered":"http:\/\/www.zlatesperkyrb.cz.uvirt111.active24.cz\/?post_type=product&#038;p=934"},"modified":"2021-09-17T23:51:45","modified_gmt":"2021-09-17T23:51:45","slug":"privesek-3","status":"publish","type":"product","link":"https:\/\/zlatesperky-rb.cz\/?product=privesek-3","title":{"rendered":"P\u0159\u00edv\u011bsek s p\u0159\u00edrodn\u00edm  kamenem"},"content":{"rendered":"<ul>\n<li>P\u0159\u00edv\u011b\u0161ek s p\u0159\u00edrodn\u00edm op\u00e1lem<\/li>\n<li>Byl\u00a0 vyroben pouze 1 kus<\/li>\n<\/ul>\n","protected":false},"excerpt":{"rendered":"<ul>\n<li>v\u00e1ha p\u0159\u00edv\u011b\u0161ku 3,85 g 14 kr \u017elut\u00e9<\/li>\n<li>velikost p\u0159\u00edv\u011b\u0161ku 34 mm<\/li>\n<li>velikost kamene 18&#215;9 mm<\/li>\n<\/ul>\n","protected":false},"featured_media":515,"template":"","meta":[],"product_cat":[23],"product_tag":[],"_links":{"self":[{"href":"https:\/\/zlatesperky-rb.cz\/index.php?rest_route=\/wp\/v2\/product\/934"}],"collection":[{"href":"https:\/\/zlatesperky-rb.cz\/index.php?rest_route=\/wp\/v2\/product"}],"about":[{"href":"https:\/\/zlatesperky-rb.cz\/index.php?rest_route=\/wp\/v2\/types\/product"}],"wp:featuredmedia":[{"embeddable":true,"href":"https:\/\/zlatesperky-rb.cz\/index.php?rest_route=\/wp\/v2\/media\/515"}],"wp:attachment":[{"href":"https:\/\/zlatesperky-rb.cz\/index.php?rest_route=%2Fwp%2Fv2%2Fmedia&parent=934"}],"wp:term":[{"taxonomy":"product_cat","embeddable":true,"href":"https:\/\/zlatesperky-rb.cz\/index.php?rest_route=%2Fwp%2Fv2%2Fproduct_cat&post=934"},{"taxonomy":"product_tag","embeddable":true,"href":"https:\/\/zlatesperky-rb.cz\/index.php?rest_route=%2Fwp%2Fv2%2Fproduct_tag&post=934"}],"curies":[{"name":"wp","href":"https:\/\/api.w.org\/{rel}","templated":true}]}}