{"id":953,"date":"2021-09-07T18:57:10","date_gmt":"2021-09-07T18:57:10","guid":{"rendered":"http:\/\/www.zlatesperkyrb.cz.uvirt111.active24.cz\/?post_type=product&#038;p=953"},"modified":"2026-03-15T12:20:46","modified_gmt":"2026-03-15T12:20:46","slug":"souprava-3","status":"publish","type":"product","link":"https:\/\/zlatesperky-rb.cz\/?product=souprava-3","title":{"rendered":"Souprava b\u00edl\u00e9 perly sladkovodn\u00ed"},"content":{"rendered":"<p><!--more-->sexSouprava je vyrobena v jednom proveden\u00ed s p\u0159\u00edrodn\u00ed b\u00edlou\u00a0 perlou sladkovodn\u00ed.<\/p>\n<p>Souprava je vyrobena ve \u017elut\u00e9m leskl\u00e9m zlat\u011b 14 kar.<\/p>\n<p>Soupravu lze vyrobit t\u00e9\u017e v b\u00edl\u00e9m zlat\u011b s \u010dernou nebo r\u016f\u017eovou perlou.<\/p>\n","protected":false},"excerpt":{"rendered":"<ul>\n<li>v\u00e1ha prstenu 3,55 g \/velikost 55<\/li>\n<li>v\u00e1ha n\u00e1u\u0161nic\u00a0 \u00a03,4 g \/d\u00e9lka 20 mm, \u0161\u00ed\u0159e 12 mm\/<\/li>\n<li>v\u00e1ha p\u0159\u00edv\u011b\u0161ku 1,6 g \/ d\u00e9lka 23 mm, \u0161\u00ed\u0159e 14 mm\/<\/li>\n<li>velikost perel 10 mm\u00a0 b\u00edl\u00e9\u00a0 \/ But\u00f3n\/<\/li>\n<\/ul>\n","protected":false},"featured_media":1148,"template":"","meta":[],"product_cat":[19],"product_tag":[],"_links":{"self":[{"href":"https:\/\/zlatesperky-rb.cz\/index.php?rest_route=\/wp\/v2\/product\/953"}],"collection":[{"href":"https:\/\/zlatesperky-rb.cz\/index.php?rest_route=\/wp\/v2\/product"}],"about":[{"href":"https:\/\/zlatesperky-rb.cz\/index.php?rest_route=\/wp\/v2\/types\/product"}],"wp:featuredmedia":[{"embeddable":true,"href":"https:\/\/zlatesperky-rb.cz\/index.php?rest_route=\/wp\/v2\/media\/1148"}],"wp:attachment":[{"href":"https:\/\/zlatesperky-rb.cz\/index.php?rest_route=%2Fwp%2Fv2%2Fmedia&parent=953"}],"wp:term":[{"taxonomy":"product_cat","embeddable":true,"href":"https:\/\/zlatesperky-rb.cz\/index.php?rest_route=%2Fwp%2Fv2%2Fproduct_cat&post=953"},{"taxonomy":"product_tag","embeddable":true,"href":"https:\/\/zlatesperky-rb.cz\/index.php?rest_route=%2Fwp%2Fv2%2Fproduct_tag&post=953"}],"curies":[{"name":"wp","href":"https:\/\/api.w.org\/{rel}","templated":true}]}}