{"id":999,"date":"2021-09-08T22:07:20","date_gmt":"2021-09-08T22:07:20","guid":{"rendered":"http:\/\/www.zlatesperkyrb.cz.uvirt111.active24.cz\/?post_type=product&#038;p=999"},"modified":"2021-09-15T20:49:17","modified_gmt":"2021-09-15T20:49:17","slug":"prsten-18","status":"publish","type":"product","link":"https:\/\/zlatesperky-rb.cz\/?product=prsten-18","title":{"rendered":"Prsten diamantov\u00fd"},"content":{"rendered":"<p>Prst\u00fdnek diamantov\u00fd jemn\u00fd ,d\u00edv\u010d\u00ed nebo i jako z\u00e1snubn\u00ed.<\/p>\n<p>Prst\u00fdnek je ru\u010dn\u00ed pr\u00e1ce i ru\u010dn\u00ed fasovan\u00ed ,m\u00e1 4 krapny na udr\u017een\u00ed diamantu .<\/p>\n","protected":false},"excerpt":{"rendered":"<ul>\n<li>v\u00e1ha prstenu 1,55g \/ zlato b\u00edl\u00e9 14 kr\/<\/li>\n<li>velikost prstenu 52<\/li>\n<li>velikost diamantu\u00a0 0,10 ct<\/li>\n<li>kvalita diamantu Si1G<\/li>\n<\/ul>\n","protected":false},"featured_media":996,"template":"","meta":[],"product_cat":[20,27],"product_tag":[],"_links":{"self":[{"href":"https:\/\/zlatesperky-rb.cz\/index.php?rest_route=\/wp\/v2\/product\/999"}],"collection":[{"href":"https:\/\/zlatesperky-rb.cz\/index.php?rest_route=\/wp\/v2\/product"}],"about":[{"href":"https:\/\/zlatesperky-rb.cz\/index.php?rest_route=\/wp\/v2\/types\/product"}],"wp:featuredmedia":[{"embeddable":true,"href":"https:\/\/zlatesperky-rb.cz\/index.php?rest_route=\/wp\/v2\/media\/996"}],"wp:attachment":[{"href":"https:\/\/zlatesperky-rb.cz\/index.php?rest_route=%2Fwp%2Fv2%2Fmedia&parent=999"}],"wp:term":[{"taxonomy":"product_cat","embeddable":true,"href":"https:\/\/zlatesperky-rb.cz\/index.php?rest_route=%2Fwp%2Fv2%2Fproduct_cat&post=999"},{"taxonomy":"product_tag","embeddable":true,"href":"https:\/\/zlatesperky-rb.cz\/index.php?rest_route=%2Fwp%2Fv2%2Fproduct_tag&post=999"}],"curies":[{"name":"wp","href":"https:\/\/api.w.org\/{rel}","templated":true}]}}